{"id":7,"date":"2023-12-20T10:18:36","date_gmt":"2023-12-20T10:18:36","guid":{"rendered":"https:\/\/www.salamcinema.se\/?page_id=7"},"modified":"2024-02-14T11:22:03","modified_gmt":"2024-02-14T11:22:03","slug":"about","status":"publish","type":"page","link":"https:\/\/www.salamcinema.se\/sv\/about\/","title":{"rendered":"Om Oss"},"content":{"rendered":"<div class=\"wp-block-group alignfull is-style-no-margin-vertical has-palette-3-background-color has-text-color has-background\" style=\"color:#010101;padding-top:150px;padding-bottom:150px\"><div class=\"wp-block-group__inner-container is-layout-flow wp-block-group-is-layout-flow\">\n<p>Salam Cinema grundades 2022 och \u00e4r Sveriges enda oberoende iranska och v\u00e4stasiatiska filmfestival.  Vi \u00e4r dedikerade till att visa filmer fr\u00e5n regionen som \u00e5terspeglar den rika m\u00e5ngfalden inom historieber\u00e4ttande. Vi l\u00e4gger stor vikt vid att sammanst\u00e4lla program som inkluderar r\u00f6ster och synvinklar som traditionellt har varit tystade - de som identifierar sig som kvinnor eller antar den kvinnliga blicken, landsbygden och etniska minoriteter, medlemmar av HBTQ-samh\u00e4llet och filmskapare som inte \u00e4r sanktionerade av regeringen \u00e4r alla v\u00e4lkomna.<\/p>\n\n\n\n<p>Vi anordnar <a href=\"https:\/\/www.salamcinema.se\/sv\/news-and-events\/\" data-type=\"page\" data-id=\"64\">filmevenemang<\/a> som speglar v\u00e4rmen i v\u00e5rt kulturarv, samtidigt som vi lyfter fram de unika bidragen fr\u00e5n diasporakonstn\u00e4rer, s\u00e4rskilt nordiranier.<\/p>\n\n\n\n<p>V\u00e5r \u00e5rliga <a href=\"https:\/\/www.salamcinema.se\/sv\/program\/\" data-type=\"page\" data-id=\"9\">filmfestival<\/a> \u00e4ger rum p\u00e5 utvalda platser i Stockholm och online.<\/p>\n\n\n\n<p>Se till att kolla in v\u00e5r evenemangs\/nyhetssida f\u00f6r v\u00e5rt m\u00e5natliga filmklubbsschema.<\/p>\n<\/div><\/div>\n\n\n\n<div class=\"wp-block-group alignfull has-text-color has-background\" style=\"color:#010101;background-color:#00ff00;padding-top:2rem;padding-bottom:2rem\"><div class=\"wp-block-group__inner-container is-layout-flow wp-block-group-is-layout-flow\">\n<h2 class=\"wp-block-heading has-text-align-center is-style-no-margin-vertical has-palette-2-color has-text-color has-link-color wp-elements-aee026672646e7c9c8d6c9aa0eff663c\">In collaboration with<\/h2>\n\n\n\n<div style=\"height:100px\" aria-hidden=\"true\" class=\"wp-block-spacer\"><\/div>\n\n\n\n<div class=\"wp-block-columns alignfull\">\n<div class=\"wp-block-column\" style=\"padding-top:var(--wp--preset--spacing--20);padding-right:var(--wp--preset--spacing--20);padding-bottom:var(--wp--preset--spacing--20);padding-left:var(--wp--preset--spacing--20);flex-basis:33.3%\"><div class=\"wp-block-image\">\n<figure class=\"aligncenter size-full is-resized\"><img loading=\"lazy\" decoding=\"async\" width=\"530\" height=\"62\" src=\"https:\/\/www.salamcinema.se\/wp-content\/uploads\/2024\/02\/ModernaMuseet_logo.webp\" alt=\"Moderna Museet Logo\" class=\"wp-image-537\" style=\"width:268px;height:auto\" srcset=\"https:\/\/www.salamcinema.se\/wp-content\/uploads\/2024\/02\/ModernaMuseet_logo.webp 530w, https:\/\/www.salamcinema.se\/wp-content\/uploads\/2024\/02\/ModernaMuseet_logo-300x35.webp 300w, https:\/\/www.salamcinema.se\/wp-content\/uploads\/2024\/02\/ModernaMuseet_logo-18x2.webp 18w\" sizes=\"auto, (max-width: 530px) 100vw, 530px\" \/><\/figure>\n<\/div><\/div>\n\n\n\n<div class=\"wp-block-column\" style=\"padding-top:var(--wp--preset--spacing--20);padding-right:var(--wp--preset--spacing--20);padding-bottom:var(--wp--preset--spacing--20);padding-left:var(--wp--preset--spacing--20);flex-basis:33.3%\"><div class=\"wp-block-image\">\n<figure class=\"aligncenter size-full is-resized\"><img loading=\"lazy\" decoding=\"async\" width=\"800\" height=\"347\" src=\"https:\/\/www.salamcinema.se\/wp-content\/uploads\/2024\/02\/Tempo_logo_SWE.png\" alt=\"Tempo Logo\" class=\"wp-image-540\" style=\"width:264px;height:auto\" srcset=\"https:\/\/www.salamcinema.se\/wp-content\/uploads\/2024\/02\/Tempo_logo_SWE.png 800w, https:\/\/www.salamcinema.se\/wp-content\/uploads\/2024\/02\/Tempo_logo_SWE-300x130.png 300w, https:\/\/www.salamcinema.se\/wp-content\/uploads\/2024\/02\/Tempo_logo_SWE-768x333.png 768w, https:\/\/www.salamcinema.se\/wp-content\/uploads\/2024\/02\/Tempo_logo_SWE-18x8.png 18w\" sizes=\"auto, (max-width: 800px) 100vw, 800px\" \/><\/figure>\n<\/div><\/div>\n\n\n\n<div class=\"wp-block-column\" style=\"padding-top:var(--wp--preset--spacing--20);padding-right:var(--wp--preset--spacing--20);padding-bottom:var(--wp--preset--spacing--20);padding-left:var(--wp--preset--spacing--20);flex-basis:33.3%\"><div class=\"wp-block-image\">\n<figure class=\"aligncenter size-full is-resized\"><img loading=\"lazy\" decoding=\"async\" width=\"509\" height=\"52\" src=\"https:\/\/www.salamcinema.se\/wp-content\/uploads\/2024\/02\/kulturradet_logo.png\" alt=\"Kultur R\u00e5det Logo\" class=\"wp-image-538\" style=\"width:262px;height:auto\" srcset=\"https:\/\/www.salamcinema.se\/wp-content\/uploads\/2024\/02\/kulturradet_logo.png 509w, https:\/\/www.salamcinema.se\/wp-content\/uploads\/2024\/02\/kulturradet_logo-300x31.png 300w, https:\/\/www.salamcinema.se\/wp-content\/uploads\/2024\/02\/kulturradet_logo-18x2.png 18w\" sizes=\"auto, (max-width: 509px) 100vw, 509px\" \/><\/figure>\n<\/div><\/div>\n<\/div>\n\n\n\n<div class=\"wp-block-columns alignfull\">\n<div class=\"wp-block-column\" style=\"padding-top:var(--wp--preset--spacing--20);padding-right:var(--wp--preset--spacing--20);padding-bottom:var(--wp--preset--spacing--20);padding-left:var(--wp--preset--spacing--20)\"><div class=\"wp-block-image\">\n<figure class=\"aligncenter size-full is-resized\"><img loading=\"lazy\" decoding=\"async\" width=\"240\" height=\"295\" src=\"https:\/\/www.salamcinema.se\/wp-content\/uploads\/2024\/02\/Filmcentrum_logotyp_CMYK.webp\" alt=\"Film Centrum Logo\" class=\"wp-image-551\" style=\"width:139px;height:auto\" srcset=\"https:\/\/www.salamcinema.se\/wp-content\/uploads\/2024\/02\/Filmcentrum_logotyp_CMYK.webp 240w, https:\/\/www.salamcinema.se\/wp-content\/uploads\/2024\/02\/Filmcentrum_logotyp_CMYK-10x12.webp 10w\" sizes=\"auto, (max-width: 240px) 100vw, 240px\" \/><\/figure>\n<\/div><\/div>\n\n\n\n<div class=\"wp-block-column\" style=\"padding-top:var(--wp--preset--spacing--20);padding-right:var(--wp--preset--spacing--20);padding-bottom:var(--wp--preset--spacing--20);padding-left:var(--wp--preset--spacing--20);flex-basis:33%\"><div class=\"wp-block-image\">\n<figure class=\"aligncenter size-full is-resized\"><img loading=\"lazy\" decoding=\"async\" width=\"705\" height=\"1136\" src=\"https:\/\/www.salamcinema.se\/wp-content\/uploads\/2024\/02\/ABFStockholm_logoruta_cmyk-1-jpg.webp\" alt=\"ABF Stockholm Logo\" class=\"wp-image-552\" style=\"width:110px;height:auto\" srcset=\"https:\/\/www.salamcinema.se\/wp-content\/uploads\/2024\/02\/ABFStockholm_logoruta_cmyk-1-jpg.webp 705w, https:\/\/www.salamcinema.se\/wp-content\/uploads\/2024\/02\/ABFStockholm_logoruta_cmyk-1-186x300.webp 186w, https:\/\/www.salamcinema.se\/wp-content\/uploads\/2024\/02\/ABFStockholm_logoruta_cmyk-1-635x1024.webp 635w, https:\/\/www.salamcinema.se\/wp-content\/uploads\/2024\/02\/ABFStockholm_logoruta_cmyk-1-7x12.webp 7w\" sizes=\"auto, (max-width: 705px) 100vw, 705px\" \/><\/figure>\n<\/div><\/div>\n\n\n\n<div class=\"wp-block-column\" style=\"flex-basis:33%\"><\/div>\n<\/div>\n\n\n\n<div style=\"height:8rem\" aria-hidden=\"true\" class=\"wp-block-spacer\"><\/div>\n<\/div><\/div>","protected":false},"excerpt":{"rendered":"<div class=\"entry-summary\">\nFounded in 2022, Salam Cinema is Sweden\u2019s only independent Iranian and West Asian film festival.&nbsp; We are dedicated to screening films from the region that are reflective of the rich diversity within&hellip;\n<\/div>\n<div class=\"link-more-container\"><a href=\"https:\/\/www.salamcinema.se\/sv\/about\/\" class=\"link-more\" aria-label=\"Continue reading About\">Continue reading&hellip;<\/a><\/div>","protected":false},"author":1,"featured_media":0,"parent":0,"menu_order":0,"comment_status":"closed","ping_status":"closed","template":"templates\/no-intro.php","meta":{"footnotes":""},"class_list":["post-7","page","type-page","status-publish","hentry","entry","entry-type-page"],"_links":{"self":[{"href":"https:\/\/www.salamcinema.se\/sv\/wp-json\/wp\/v2\/pages\/7","targetHints":{"allow":["GET"]}}],"collection":[{"href":"https:\/\/www.salamcinema.se\/sv\/wp-json\/wp\/v2\/pages"}],"about":[{"href":"https:\/\/www.salamcinema.se\/sv\/wp-json\/wp\/v2\/types\/page"}],"author":[{"embeddable":true,"href":"https:\/\/www.salamcinema.se\/sv\/wp-json\/wp\/v2\/users\/1"}],"replies":[{"embeddable":true,"href":"https:\/\/www.salamcinema.se\/sv\/wp-json\/wp\/v2\/comments?post=7"}],"version-history":[{"count":35,"href":"https:\/\/www.salamcinema.se\/sv\/wp-json\/wp\/v2\/pages\/7\/revisions"}],"predecessor-version":[{"id":755,"href":"https:\/\/www.salamcinema.se\/sv\/wp-json\/wp\/v2\/pages\/7\/revisions\/755"}],"wp:attachment":[{"href":"https:\/\/www.salamcinema.se\/sv\/wp-json\/wp\/v2\/media?parent=7"}],"curies":[{"name":"wp","href":"https:\/\/api.w.org\/{rel}","templated":true}]}}